{"id":1501,"date":"2021-03-30T18:56:22","date_gmt":"2021-03-30T22:56:22","guid":{"rendered":"https:\/\/monitorgps.es\/site\/testimonials\/"},"modified":"2022-02-04T22:53:53","modified_gmt":"2022-02-05T02:53:53","slug":"politica-privacidad","status":"publish","type":"page","link":"https:\/\/monitorgps.es\/site\/politica-privacidad\/","title":{"rendered":"Pol\u00edticas de Privacidad"},"content":{"rendered":"\t\t<div data-elementor-type=\"wp-page\" data-elementor-id=\"1501\" class=\"elementor elementor-1501\">\n\t\t\t\t\t\t\t\t\t<section class=\"elementor-section elementor-top-section elementor-element elementor-element-4166ba31 elementor-section-stretched elementor-section-boxed elementor-section-height-default elementor-section-height-default\" data-id=\"4166ba31\" data-element_type=\"section\" data-settings=\"{&quot;stretch_section&quot;:&quot;section-stretched&quot;}\">\n\t\t\t\t\t\t<div class=\"elementor-container elementor-column-gap-no\">\n\t\t\t\t\t<div class=\"elementor-column elementor-col-100 elementor-top-column elementor-element elementor-element-31934b87\" data-id=\"31934b87\" data-element_type=\"column\">\n\t\t\t<div class=\"elementor-widget-wrap elementor-element-populated\">\n\t\t\t\t\t\t\t\t<div class=\"elementor-element elementor-element-03d75aa gyan-title-st-line-after gyan-title-desc-left elementor-widget elementor-widget-gyan_title\" data-id=\"03d75aa\" data-element_type=\"widget\" data-widget_type=\"gyan_title.default\">\n\t\t\t\t<div class=\"elementor-widget-container\">\n\t\t\t\t\t<div class=\"gyan-title\">\r\n\t\t\t<div class=\"gyan-title-subtitle\"><span>Acuerdo legal entre el Cliente y MonitorGPS<\/span><\/div><h2 class=\"gyan-title-heading\">Pol\u00edtica de privacidad<\/h2><div class=\"gyan-title-desc\"><p>Este es un acuerdo legal entre el Cliente y MonitorGPS para el uso del servicio. Al usar nuestro servicio, usted acepta estar sujeto a los t\u00e9rminos y condiciones de este acuerdo. Si el Cliente no acepta este acuerdo, el Cliente no podr\u00e1 usar nuestro servicio.<\/p>\n\n                                <p>Nos comprometemos a garantizar que su privacidad est\u00e1 protegida. Solo usaremos la informaci\u00f3n que recopilamos se utilizan \u00fanicamente para brindarle un servicio. En particular:<\/p>\n                                <ul>\n                                    <li>No vendemos, compartimos ni divulgamos sus datos a nadie;<\/li>\n                                    <li>No utilizamos sus datos para orientar los anuncios;<\/li>\n                                    <li>No accedemos a su informaci{on de ubicaci\u00f3n sin su permiso.<\/li>\n                                <\/ul> <\/div>\t\t<\/div>\r\n\t\t\t\t<\/div>\n\t\t\t\t<\/div>\n\t\t\t\t\t<\/div>\n\t\t<\/div>\n\t\t\t\t\t\t\t<\/div>\n\t\t<\/section>\n\t\t\t\t<section class=\"elementor-section elementor-top-section elementor-element elementor-element-8f2e1bc elementor-section-boxed elementor-section-height-default elementor-section-height-default\" data-id=\"8f2e1bc\" data-element_type=\"section\">\n\t\t\t\t\t\t<div class=\"elementor-container elementor-column-gap-default\">\n\t\t\t\t\t<div class=\"elementor-column elementor-col-100 elementor-top-column elementor-element elementor-element-b7a51c4\" data-id=\"b7a51c4\" data-element_type=\"column\">\n\t\t\t<div class=\"elementor-widget-wrap elementor-element-populated\">\n\t\t\t\t\t\t\t\t<div class=\"elementor-element elementor-element-a9ce092 gyan-title-st-line-after gyan-title-desc-left elementor-widget elementor-widget-gyan_title\" data-id=\"a9ce092\" data-element_type=\"widget\" data-widget_type=\"gyan_title.default\">\n\t\t\t\t<div class=\"elementor-widget-container\">\n\t\t\t\t\t<div class=\"gyan-title\">\r\n\t\t\t<div class=\"gyan-title-subtitle\"><span>Recopilamos la informaci\u00f3n m\u00ednima requerida para el seguimiento por GPS:<\/span><\/div><h2 class=\"gyan-title-heading\">INFORMACI\u00d3N QUE RECOLECTAMOS<\/h2><div class=\"gyan-title-desc\"><ul class=\"bu-bulletslist\">\n                                           <li>Nombre completo y direcci\u00f3n: se usa para describir la informaci\u00f3n del cliente (usuario);<\/li>\n                                           <li>Nombre de usuario y contrase\u00f1a: se usan para autenticar usuarios;<\/li>\n                                           <li>Correo electr\u00f3nico: se usa para notificar a nuestros usuarios sobre cambios en el servicio y restablecer contrase\u00f1as olvidadas;<\/li>\n                                           <li>Datos de ubicaci\u00f3n GPS: enviados por su dispositivo GPS o dispositivo m\u00f3vil cuando ejecuta nuestro software de seguimiento. Transmitimos los siguientes datos: sus coordenadas GPS, velocidad, altitud, \u00e1ngulo, tiempo actual y varios par\u00e1metros del sensor. No transmitimos su n\u00famero de tel\u00e9fono, listas de contactos o cualquier otra informaci\u00f3n almacenada en su dispositivo m\u00f3vil;<\/li>\n                                           <li>Solicitudes HTTP: como la mayor\u00eda de los servicios web, mantenemos registros de todas las solicitudes HTTP entrantes. Los registros web contienen direcciones IP, URL solicitadas, URL de referencia y otros atributos similares proporcionados por su navegador.<\/li>\n                                       <\/ul><\/div>\t\t<\/div>\r\n\t\t\t\t<\/div>\n\t\t\t\t<\/div>\n\t\t\t\t\t<\/div>\n\t\t<\/div>\n\t\t\t\t\t\t\t<\/div>\n\t\t<\/section>\n\t\t\t\t<section class=\"elementor-section elementor-top-section elementor-element elementor-element-eb0533c elementor-section-boxed elementor-section-height-default elementor-section-height-default\" data-id=\"eb0533c\" data-element_type=\"section\">\n\t\t\t\t\t\t<div class=\"elementor-container elementor-column-gap-default\">\n\t\t\t\t\t<div class=\"elementor-column elementor-col-100 elementor-top-column elementor-element elementor-element-da35b32\" data-id=\"da35b32\" data-element_type=\"column\">\n\t\t\t<div class=\"elementor-widget-wrap elementor-element-populated\">\n\t\t\t\t\t\t\t\t<div class=\"elementor-element elementor-element-b8ea671 gyan-title-desc-left elementor-widget elementor-widget-gyan_title\" data-id=\"b8ea671\" data-element_type=\"widget\" data-widget_type=\"gyan_title.default\">\n\t\t\t\t<div class=\"elementor-widget-container\">\n\t\t\t\t\t<div class=\"gyan-title\">\r\n\t\t\t<h2 class=\"gyan-title-heading\">COOKIES<\/h2><div class=\"gyan-title-desc\">\n                                    <div class=\"liststyle\">\n                                       <p>Las cookies son peque\u00f1os archivos que el navegador web almacena temporalmente. Se utilizan \u00fanicamente para la gesti\u00f3n de sesiones (recordar qui\u00e9n eres una vez que inicias sesi\u00f3n) y para almacenar las preferencias. Utilizamos cookies de registro de tr\u00e1fico para identificar qu\u00e9 p\u00e1ginas se est\u00e1n utilizando. Esto nos ayuda a analizar datos sobre el tr\u00e1fico de la p\u00e1gina web y mejorar nuestro sitio web para adaptarlo a las necesidades del Cliente. Solo usamos esta informaci\u00f3n para fines de an\u00e1lisis estad\u00edstico.<\/p>\n                                       <p>La mayor\u00eda de nuestras cookies caducan tan pronto como cierra la sesi\u00f3n o cierra la ventana del navegador.<\/p>\n                                       <p>Le recomendamos que habilite el soporte de cookies en su navegador, ya que muchas funciones de nuestro sitio web no funcionar\u00e1n de otro modo.<\/p>\n                                    <\/div><\/div>\t\t<\/div>\r\n\t\t\t\t<\/div>\n\t\t\t\t<\/div>\n\t\t\t\t\t<\/div>\n\t\t<\/div>\n\t\t\t\t\t\t\t<\/div>\n\t\t<\/section>\n\t\t\t\t<section class=\"elementor-section elementor-top-section elementor-element elementor-element-d1cd9c4 elementor-section-boxed elementor-section-height-default elementor-section-height-default\" data-id=\"d1cd9c4\" data-element_type=\"section\">\n\t\t\t\t\t\t<div class=\"elementor-container elementor-column-gap-default\">\n\t\t\t\t\t<div class=\"elementor-column elementor-col-100 elementor-top-column elementor-element elementor-element-95f3b91\" data-id=\"95f3b91\" data-element_type=\"column\">\n\t\t\t<div class=\"elementor-widget-wrap elementor-element-populated\">\n\t\t\t\t\t\t\t\t<div class=\"elementor-element elementor-element-bb4ce3f gyan-title-desc-left elementor-widget elementor-widget-gyan_title\" data-id=\"bb4ce3f\" data-element_type=\"widget\" data-widget_type=\"gyan_title.default\">\n\t\t\t\t<div class=\"elementor-widget-container\">\n\t\t\t\t\t<div class=\"gyan-title\">\r\n\t\t\t<h2 class=\"gyan-title-heading\">SEGURIDAD<\/h2><div class=\"gyan-title-desc\">\n                                    <div class=\"liststyle\">\n                                       <p>Sus datos se almacenan en servidores seguros. Hemos tomado medidas adicionales para evitar el acceso no autorizado a sus datos, incluido el funcionamiento de software de firewall y la actualizaci\u00f3n de nuestros servidores con parches de seguridad. Dicho esto, no podemos garantizar la no revelaci\u00f3n de informaci\u00f3n personal debido a factores que escapan a nuestro control. Si sospecha que su cuenta se ha visto comprometida, comun\u00edquese con nosotros lo antes posible.<\/p>\n                                       <p>El sistema de creaci\u00f3n de cuenta, inicio de sesi\u00f3n y recuperaci\u00f3n se desarrollo utilizando los \u00faltimos est\u00e1ndares de autenticaci\u00f3n para evitar cualquier posibilidad de pirater\u00eda.<\/p>\n                                       <p>Durante la creaci\u00f3n de la cuenta, los datos recopilados se cifran utilizando el algoritmo de cifrado de una v\u00eda y se guardan en la base de datos. Una forma de cifrado hace imposible descifrar datos. Los datos se pueden verificar solo mediante el m\u00e9todo de comparaci\u00f3n realizado por un autor genuino.<\/p>\n                                    <\/div><\/div>\t\t<\/div>\r\n\t\t\t\t<\/div>\n\t\t\t\t<\/div>\n\t\t\t\t\t<\/div>\n\t\t<\/div>\n\t\t\t\t\t\t\t<\/div>\n\t\t<\/section>\n\t\t\t\t<section class=\"elementor-section elementor-top-section elementor-element elementor-element-13623b6 elementor-section-boxed elementor-section-height-default elementor-section-height-default\" data-id=\"13623b6\" data-element_type=\"section\">\n\t\t\t\t\t\t<div class=\"elementor-container elementor-column-gap-default\">\n\t\t\t\t\t<div class=\"elementor-column elementor-col-100 elementor-top-column elementor-element elementor-element-71b2663\" data-id=\"71b2663\" data-element_type=\"column\">\n\t\t\t<div class=\"elementor-widget-wrap elementor-element-populated\">\n\t\t\t\t\t\t\t\t<div class=\"elementor-element elementor-element-ec9e5f1 gyan-title-desc-left elementor-widget elementor-widget-gyan_title\" data-id=\"ec9e5f1\" data-element_type=\"widget\" data-widget_type=\"gyan_title.default\">\n\t\t\t\t<div class=\"elementor-widget-container\">\n\t\t\t\t\t<div class=\"gyan-title\">\r\n\t\t\t<h2 class=\"gyan-title-heading\">MAS INFORMACI\u00d3N<\/h2><div class=\"gyan-title-desc\">                                       <p>Si tiene preguntas o inquietudes con respecto a los datos que recopilamos o c\u00f3mo los utilizamos, p\u00f3ngase en contacto con nuestro departamento de soporte e informacion por el correo electr\u00f3nico a <b>info@monitorgps.es<\/b><\/p>\n<\/div>\t\t<\/div>\r\n\t\t\t\t<\/div>\n\t\t\t\t<\/div>\n\t\t\t\t\t<\/div>\n\t\t<\/div>\n\t\t\t\t\t\t\t<\/div>\n\t\t<\/section>\n\t\t\t\t\t\t\t<\/div>\n\t\t","protected":false},"excerpt":{"rendered":"<p>Acuerdo legal entre el Cliente y MonitorGPS Pol\u00edtica de privacidad Este es un acuerdo legal entre el Cliente y MonitorGPS para el uso del servicio. Al usar nuestro servicio, usted acepta estar sujeto a los t\u00e9rminos y condiciones de este acuerdo. Si el Cliente no acepta este acuerdo, el Cliente [&hellip;]<\/p>\n","protected":false},"author":1,"featured_media":0,"parent":0,"menu_order":0,"comment_status":"closed","ping_status":"closed","template":"elementor_header_footer","meta":{"footnotes":""},"class_list":["post-1501","page","type-page","status-publish","hentry"],"_links":{"self":[{"href":"https:\/\/monitorgps.es\/site\/wp-json\/wp\/v2\/pages\/1501","targetHints":{"allow":["GET"]}}],"collection":[{"href":"https:\/\/monitorgps.es\/site\/wp-json\/wp\/v2\/pages"}],"about":[{"href":"https:\/\/monitorgps.es\/site\/wp-json\/wp\/v2\/types\/page"}],"author":[{"embeddable":true,"href":"https:\/\/monitorgps.es\/site\/wp-json\/wp\/v2\/users\/1"}],"replies":[{"embeddable":true,"href":"https:\/\/monitorgps.es\/site\/wp-json\/wp\/v2\/comments?post=1501"}],"version-history":[{"count":13,"href":"https:\/\/monitorgps.es\/site\/wp-json\/wp\/v2\/pages\/1501\/revisions"}],"predecessor-version":[{"id":3503,"href":"https:\/\/monitorgps.es\/site\/wp-json\/wp\/v2\/pages\/1501\/revisions\/3503"}],"wp:attachment":[{"href":"https:\/\/monitorgps.es\/site\/wp-json\/wp\/v2\/media?parent=1501"}],"curies":[{"name":"wp","href":"https:\/\/api.w.org\/{rel}","templated":true}]}}