{"id":3230,"date":"2021-12-27T23:25:52","date_gmt":"2021-12-28T03:25:52","guid":{"rendered":"https:\/\/monitorgps.es\/site\/?page_id=3230"},"modified":"2022-01-10T00:54:00","modified_gmt":"2022-01-10T04:54:00","slug":"plataforma-de-rastreo","status":"publish","type":"page","link":"https:\/\/monitorgps.es\/site\/plataforma-de-rastreo\/","title":{"rendered":"Plataforma de Rastreo"},"content":{"rendered":"\t\t<div data-elementor-type=\"wp-page\" data-elementor-id=\"3230\" class=\"elementor elementor-3230\">\n\t\t\t\t\t\t\t\t\t<section class=\"elementor-section elementor-top-section elementor-element elementor-element-4218c7e1 elementor-section-stretched elementor-section-boxed elementor-section-height-default elementor-section-height-default\" data-id=\"4218c7e1\" data-element_type=\"section\" data-settings=\"{&quot;stretch_section&quot;:&quot;section-stretched&quot;,&quot;background_background&quot;:&quot;classic&quot;}\">\n\t\t\t\t\t\t\t<div class=\"elementor-background-overlay\"><\/div>\n\t\t\t\t\t\t\t<div class=\"elementor-container elementor-column-gap-no\">\n\t\t\t\t\t<div class=\"elementor-column elementor-col-100 elementor-top-column elementor-element elementor-element-65fe261d\" data-id=\"65fe261d\" data-element_type=\"column\">\n\t\t\t<div class=\"elementor-widget-wrap elementor-element-populated\">\n\t\t\t\t\t\t\t\t<section class=\"elementor-section elementor-inner-section elementor-element elementor-element-7751ef38 elementor-section-boxed elementor-section-height-default elementor-section-height-default\" data-id=\"7751ef38\" data-element_type=\"section\">\n\t\t\t\t\t\t<div class=\"elementor-container elementor-column-gap-no\">\n\t\t\t\t\t<div class=\"elementor-column elementor-col-50 elementor-inner-column elementor-element elementor-element-77f00b01\" data-id=\"77f00b01\" data-element_type=\"column\">\n\t\t\t<div class=\"elementor-widget-wrap elementor-element-populated\">\n\t\t\t\t\t\t\t\t<div class=\"elementor-element elementor-element-597dc15d gyan-title-st-line-after gyan-title-desc-left elementor-widget elementor-widget-gyan_title\" data-id=\"597dc15d\" data-element_type=\"widget\" data-widget_type=\"gyan_title.default\">\n\t\t\t\t<div class=\"elementor-widget-container\">\n\t\t\t\t\t<div class=\"gyan-title\">\r\n\t\t\t<div class=\"gyan-title-subtitle\"><span>La plataforma de rastreo GPS y seguridad marca blanca m\u00e1s completa<\/span><\/div><h2 class=\"gyan-title-heading\">La plataforma de rastreo de mayor crecimiento<\/h2><div class=\"gyan-title-desc\">MonitorGPS es una plataforma nacida en la nube que cumple con todos los requisitos de seguridad y estabilidad que aseguran un acuerdo de nivel de servicio de m\u00e1s de 99.9%, desarrollada a partir de las necesidades y exigencias de empresas de diferentes industrias, como lo son rastreo GPS, seguridad, movilidad inteligente y m\u00e1s.\n\n<\/div>\t\t<\/div>\r\n\t\t\t\t<\/div>\n\t\t\t\t<\/div>\n\t\t\t\t<div class=\"elementor-element elementor-element-66731fe7 elementor-widget elementor-widget-heading\" data-id=\"66731fe7\" data-element_type=\"widget\" data-widget_type=\"heading.default\">\n\t\t\t\t<div class=\"elementor-widget-container\">\n\t\t\t<style>\/*! elementor - v3.17.0 - 08-11-2023 *\/\n.elementor-heading-title{padding:0;margin:0;line-height:1}.elementor-widget-heading .elementor-heading-title[class*=elementor-size-]>a{color:inherit;font-size:inherit;line-height:inherit}.elementor-widget-heading .elementor-heading-title.elementor-size-small{font-size:15px}.elementor-widget-heading .elementor-heading-title.elementor-size-medium{font-size:19px}.elementor-widget-heading .elementor-heading-title.elementor-size-large{font-size:29px}.elementor-widget-heading .elementor-heading-title.elementor-size-xl{font-size:39px}.elementor-widget-heading .elementor-heading-title.elementor-size-xxl{font-size:59px}<\/style><h2 class=\"elementor-heading-title elementor-size-default\">R\u00e1pida Implementaci\u00f3n<\/h2>\t\t<\/div>\n\t\t\t\t<\/div>\n\t\t\t\t<div class=\"elementor-element elementor-element-3830b8f7 elementor-widget elementor-widget-text-editor\" data-id=\"3830b8f7\" data-element_type=\"widget\" data-widget_type=\"text-editor.default\">\n\t\t\t\t<div class=\"elementor-widget-container\">\n\t\t\t<style>\/*! elementor - v3.17.0 - 08-11-2023 *\/\n.elementor-widget-text-editor.elementor-drop-cap-view-stacked .elementor-drop-cap{background-color:#69727d;color:#fff}.elementor-widget-text-editor.elementor-drop-cap-view-framed .elementor-drop-cap{color:#69727d;border:3px solid;background-color:transparent}.elementor-widget-text-editor:not(.elementor-drop-cap-view-default) .elementor-drop-cap{margin-top:8px}.elementor-widget-text-editor:not(.elementor-drop-cap-view-default) .elementor-drop-cap-letter{width:1em;height:1em}.elementor-widget-text-editor .elementor-drop-cap{float:left;text-align:center;line-height:1;font-size:50px}.elementor-widget-text-editor .elementor-drop-cap-letter{display:inline-block}<\/style>\t\t\t\t<div class=\"row-fluid-wrapper row-depth-2 row-number-1 \"><div class=\"row-fluid \"><div class=\"span12 widget-span widget-type-rich_text \" data-widget-type=\"rich_text\" data-x=\"0\" data-w=\"12\"><div class=\"cell-wrapper layout-widget-wrapper\"><div id=\"reportes\" class=\"box-desc bdi-rev\"><div class=\"bd-item\"><p class=\"pV\">Esto hace de MonitorGPS una plataforma completamente flexible, escalable y de r\u00e1pida implementaci\u00f3n para toda industria, perfecta para iniciar o potenciar tu empresa o negocio.\u00a0<\/p><\/div><\/div><\/div><\/div><\/div><\/div>\t\t\t\t\t\t<\/div>\n\t\t\t\t<\/div>\n\t\t\t\t<div class=\"elementor-element elementor-element-1d0670aa elementor-widget elementor-widget-heading\" data-id=\"1d0670aa\" data-element_type=\"widget\" data-widget_type=\"heading.default\">\n\t\t\t\t<div class=\"elementor-widget-container\">\n\t\t\t<h2 class=\"elementor-heading-title elementor-size-default\">Tu Aliado Tecnol\u00f3gico<\/h2>\t\t<\/div>\n\t\t\t\t<\/div>\n\t\t\t\t<div class=\"elementor-element elementor-element-585f94e1 elementor-widget elementor-widget-text-editor\" data-id=\"585f94e1\" data-element_type=\"widget\" data-widget_type=\"text-editor.default\">\n\t\t\t\t<div class=\"elementor-widget-container\">\n\t\t\t\t\t\t\t<p class=\"pV\">MonitorGPS es una plataforma desarrollada bajo la filosof\u00eda de que m\u00e1s que tu proveedor de software, somos tu aliado tecnol\u00f3gico. En MonitorGPS te acompa\u00f1amos en el desarrollo de cada proyecto, para que tu negocio crezca.<\/p>\t\t\t\t\t\t<\/div>\n\t\t\t\t<\/div>\n\t\t\t\t<div class=\"elementor-element elementor-element-51301bb1 elementor-widget elementor-widget-image\" data-id=\"51301bb1\" data-element_type=\"widget\" data-widget_type=\"image.default\">\n\t\t\t\t<div class=\"elementor-widget-container\">\n\t\t\t<style>\/*! elementor - v3.17.0 - 08-11-2023 *\/\n.elementor-widget-image{text-align:center}.elementor-widget-image a{display:inline-block}.elementor-widget-image a img[src$=\".svg\"]{width:48px}.elementor-widget-image img{vertical-align:middle;display:inline-block}<\/style>\t\t\t\t\t\t\t\t\t\t\t\t<img loading=\"lazy\" decoding=\"async\" width=\"224\" height=\"189\" src=\"https:\/\/monitorgps.es\/site\/wp-content\/uploads\/2021\/03\/about-dot-curve.jpg\" class=\"attachment-large size-large wp-image-1037\" alt=\"\" \/>\t\t\t\t\t\t\t\t\t\t\t\t\t\t\t<\/div>\n\t\t\t\t<\/div>\n\t\t\t\t\t<\/div>\n\t\t<\/div>\n\t\t\t\t<div class=\"elementor-column elementor-col-50 elementor-inner-column elementor-element elementor-element-34e7d723\" data-id=\"34e7d723\" data-element_type=\"column\">\n\t\t\t<div class=\"elementor-widget-wrap elementor-element-populated\">\n\t\t\t\t\t\t\t\t<div class=\"elementor-element elementor-element-8ba9baf elementor-widget elementor-widget-image\" data-id=\"8ba9baf\" data-element_type=\"widget\" data-widget_type=\"image.default\">\n\t\t\t\t<div class=\"elementor-widget-container\">\n\t\t\t\t\t\t\t\t\t\t\t\t\t\t\t<img loading=\"lazy\" decoding=\"async\" width=\"707\" height=\"819\" src=\"https:\/\/monitorgps.es\/site\/wp-content\/uploads\/2021\/12\/plataformagps.jpg\" class=\"attachment-full size-full wp-image-3250\" alt=\"\" srcset=\"https:\/\/monitorgps.es\/site\/wp-content\/uploads\/2021\/12\/plataformagps.jpg 707w, https:\/\/monitorgps.es\/site\/wp-content\/uploads\/2021\/12\/plataformagps-600x695.jpg 600w, https:\/\/monitorgps.es\/site\/wp-content\/uploads\/2021\/12\/plataformagps-259x300.jpg 259w\" sizes=\"auto, (max-width: 707px) 100vw, 707px\" \/>\t\t\t\t\t\t\t\t\t\t\t\t\t\t\t<\/div>\n\t\t\t\t<\/div>\n\t\t\t\t\t<\/div>\n\t\t<\/div>\n\t\t\t\t\t\t\t<\/div>\n\t\t<\/section>\n\t\t\t\t\t<\/div>\n\t\t<\/div>\n\t\t\t\t\t\t\t<\/div>\n\t\t<\/section>\n\t\t\t\t<section class=\"elementor-section elementor-top-section elementor-element elementor-element-45b3f4ba elementor-section-stretched elementor-section-boxed elementor-section-height-default elementor-section-height-default\" data-id=\"45b3f4ba\" data-element_type=\"section\" data-settings=\"{&quot;stretch_section&quot;:&quot;section-stretched&quot;}\">\n\t\t\t\t\t\t<div class=\"elementor-container elementor-column-gap-default\">\n\t\t\t\t\t<div class=\"elementor-column elementor-col-50 elementor-top-column elementor-element elementor-element-54494b7e\" data-id=\"54494b7e\" data-element_type=\"column\" data-settings=\"{&quot;background_background&quot;:&quot;classic&quot;}\">\n\t\t\t<div class=\"elementor-widget-wrap elementor-element-populated\">\n\t\t\t\t\t\t\t\t<div class=\"elementor-element elementor-element-6c08293 elementor-widget elementor-widget-image\" data-id=\"6c08293\" data-element_type=\"widget\" data-widget_type=\"image.default\">\n\t\t\t\t<div class=\"elementor-widget-container\">\n\t\t\t\t\t\t\t\t\t\t\t\t\t\t\t<img loading=\"lazy\" decoding=\"async\" width=\"684\" height=\"600\" src=\"https:\/\/monitorgps.es\/site\/wp-content\/uploads\/2021\/12\/monitorgps.jpg\" class=\"attachment-large size-large wp-image-3254\" alt=\"\" srcset=\"https:\/\/monitorgps.es\/site\/wp-content\/uploads\/2021\/12\/monitorgps.jpg 684w, https:\/\/monitorgps.es\/site\/wp-content\/uploads\/2021\/12\/monitorgps-600x526.jpg 600w, https:\/\/monitorgps.es\/site\/wp-content\/uploads\/2021\/12\/monitorgps-300x263.jpg 300w\" sizes=\"auto, (max-width: 684px) 100vw, 684px\" \/>\t\t\t\t\t\t\t\t\t\t\t\t\t\t\t<\/div>\n\t\t\t\t<\/div>\n\t\t\t\t<div class=\"elementor-element elementor-element-6d411b0e elementor-widget elementor-widget-spacer\" data-id=\"6d411b0e\" data-element_type=\"widget\" data-widget_type=\"spacer.default\">\n\t\t\t\t<div class=\"elementor-widget-container\">\n\t\t\t<style>\/*! elementor - v3.17.0 - 08-11-2023 *\/\n.elementor-column .elementor-spacer-inner{height:var(--spacer-size)}.e-con{--container-widget-width:100%}.e-con-inner>.elementor-widget-spacer,.e-con>.elementor-widget-spacer{width:var(--container-widget-width,var(--spacer-size));--align-self:var(--container-widget-align-self,initial);--flex-shrink:0}.e-con-inner>.elementor-widget-spacer>.elementor-widget-container,.e-con>.elementor-widget-spacer>.elementor-widget-container{height:100%;width:100%}.e-con-inner>.elementor-widget-spacer>.elementor-widget-container>.elementor-spacer,.e-con>.elementor-widget-spacer>.elementor-widget-container>.elementor-spacer{height:100%}.e-con-inner>.elementor-widget-spacer>.elementor-widget-container>.elementor-spacer>.elementor-spacer-inner,.e-con>.elementor-widget-spacer>.elementor-widget-container>.elementor-spacer>.elementor-spacer-inner{height:var(--container-widget-height,var(--spacer-size))}.e-con-inner>.elementor-widget-spacer.elementor-widget-empty,.e-con>.elementor-widget-spacer.elementor-widget-empty{position:relative;min-height:22px;min-width:22px}.e-con-inner>.elementor-widget-spacer.elementor-widget-empty .elementor-widget-empty-icon,.e-con>.elementor-widget-spacer.elementor-widget-empty .elementor-widget-empty-icon{position:absolute;top:0;bottom:0;left:0;right:0;margin:auto;padding:0;width:22px;height:22px}<\/style>\t\t<div class=\"elementor-spacer\">\n\t\t\t<div class=\"elementor-spacer-inner\"><\/div>\n\t\t<\/div>\n\t\t\t\t<\/div>\n\t\t\t\t<\/div>\n\t\t\t\t\t<\/div>\n\t\t<\/div>\n\t\t\t\t<div class=\"elementor-column elementor-col-50 elementor-top-column elementor-element elementor-element-145328c8\" data-id=\"145328c8\" data-element_type=\"column\" data-settings=\"{&quot;background_background&quot;:&quot;classic&quot;}\">\n\t\t\t<div class=\"elementor-widget-wrap elementor-element-populated\">\n\t\t\t\t\t\t\t\t<div class=\"elementor-element elementor-element-5dbd3775 gyan-title-st-line-after gyan-title-desc-left elementor-widget elementor-widget-gyan_title\" data-id=\"5dbd3775\" data-element_type=\"widget\" data-widget_type=\"gyan_title.default\">\n\t\t\t\t<div class=\"elementor-widget-container\">\n\t\t\t\t\t<div class=\"gyan-title\">\r\n\t\t\t<div class=\"gyan-title-subtitle\"><span>Tu plataforma desde cualquier lugar<\/span><\/div><h2 class=\"gyan-title-heading\">AppMobile: MonitorGPS ES<\/h2><div class=\"gyan-title-desc\">Al contar con MonitorGPS, tus clientes tambi\u00e9n podr\u00e1n utilizar nuestra AppMobile, que les permite tanto a ellos como a ti llevar la plataforma a cualquier lugar. Desde la AppMobile pueden consultar conocer su ubicaci\u00f3n en el mapa, enviar comandos, ver los lugares, los recorridos con todas sus paradas y eventos... y m\u00e1s.\n\n<\/div>\t\t<\/div>\r\n\t\t\t\t<\/div>\n\t\t\t\t<\/div>\n\t\t\t\t<section class=\"elementor-section elementor-inner-section elementor-element elementor-element-ff5463b elementor-section-boxed elementor-section-height-default elementor-section-height-default\" data-id=\"ff5463b\" data-element_type=\"section\">\n\t\t\t\t\t\t<div class=\"elementor-container elementor-column-gap-default\">\n\t\t\t\t\t<div class=\"elementor-column elementor-col-50 elementor-inner-column elementor-element elementor-element-00eeab8\" data-id=\"00eeab8\" data-element_type=\"column\">\n\t\t\t<div class=\"elementor-widget-wrap elementor-element-populated\">\n\t\t\t\t\t\t\t\t<div class=\"elementor-element elementor-element-9deb66f elementor-widget elementor-widget-image\" data-id=\"9deb66f\" data-element_type=\"widget\" data-widget_type=\"image.default\">\n\t\t\t\t<div class=\"elementor-widget-container\">\n\t\t\t\t\t\t\t\t\t\t\t\t\t\t\t\t<a href=\"https:\/\/play.google.com\/store\/apps\/details?id=ec.track.smart.monitorgpses\">\n\t\t\t\t\t\t\t<img loading=\"lazy\" decoding=\"async\" width=\"424\" height=\"164\" src=\"https:\/\/monitorgps.es\/site\/wp-content\/uploads\/2022\/01\/appandroid.png\" class=\"attachment-large size-large wp-image-3326\" alt=\"\" srcset=\"https:\/\/monitorgps.es\/site\/wp-content\/uploads\/2022\/01\/appandroid.png 424w, https:\/\/monitorgps.es\/site\/wp-content\/uploads\/2022\/01\/appandroid-300x116.png 300w\" sizes=\"auto, (max-width: 424px) 100vw, 424px\" \/>\t\t\t\t\t\t\t\t<\/a>\n\t\t\t\t\t\t\t\t\t\t\t\t\t\t\t<\/div>\n\t\t\t\t<\/div>\n\t\t\t\t\t<\/div>\n\t\t<\/div>\n\t\t\t\t<div class=\"elementor-column elementor-col-50 elementor-inner-column elementor-element elementor-element-afc330a\" data-id=\"afc330a\" data-element_type=\"column\">\n\t\t\t<div class=\"elementor-widget-wrap elementor-element-populated\">\n\t\t\t\t\t\t\t\t<div class=\"elementor-element elementor-element-8b28c36 elementor-widget elementor-widget-image\" data-id=\"8b28c36\" data-element_type=\"widget\" data-widget_type=\"image.default\">\n\t\t\t\t<div class=\"elementor-widget-container\">\n\t\t\t\t\t\t\t\t\t\t\t\t\t\t\t\t<a href=\"https:\/\/apps.apple.com\/es\/app\/monitorgps\/id1444633033\">\n\t\t\t\t\t\t\t<img loading=\"lazy\" decoding=\"async\" width=\"424\" height=\"164\" src=\"https:\/\/monitorgps.es\/site\/wp-content\/uploads\/2022\/01\/appios.png\" class=\"attachment-large size-large wp-image-3327\" alt=\"\" srcset=\"https:\/\/monitorgps.es\/site\/wp-content\/uploads\/2022\/01\/appios.png 424w, https:\/\/monitorgps.es\/site\/wp-content\/uploads\/2022\/01\/appios-300x116.png 300w\" sizes=\"auto, (max-width: 424px) 100vw, 424px\" \/>\t\t\t\t\t\t\t\t<\/a>\n\t\t\t\t\t\t\t\t\t\t\t\t\t\t\t<\/div>\n\t\t\t\t<\/div>\n\t\t\t\t\t<\/div>\n\t\t<\/div>\n\t\t\t\t\t\t\t<\/div>\n\t\t<\/section>\n\t\t\t\t\t<\/div>\n\t\t<\/div>\n\t\t\t\t\t\t\t<\/div>\n\t\t<\/section>\n\t\t\t\t<section class=\"elementor-section elementor-top-section elementor-element elementor-element-7de4adb1 elementor-section-stretched elementor-section-boxed elementor-section-height-default elementor-section-height-default\" data-id=\"7de4adb1\" data-element_type=\"section\" data-settings=\"{&quot;stretch_section&quot;:&quot;section-stretched&quot;,&quot;background_background&quot;:&quot;classic&quot;}\">\n\t\t\t\t\t\t<div class=\"elementor-container elementor-column-gap-default\">\n\t\t\t\t\t<div class=\"elementor-column elementor-col-100 elementor-top-column elementor-element elementor-element-7ac648af\" data-id=\"7ac648af\" data-element_type=\"column\" data-settings=\"{&quot;background_background&quot;:&quot;classic&quot;}\">\n\t\t\t<div class=\"elementor-widget-wrap elementor-element-populated\">\n\t\t\t\t\t\t\t\t<div class=\"elementor-element elementor-element-7089fd5e elementor-widget elementor-widget-spacer\" data-id=\"7089fd5e\" data-element_type=\"widget\" data-widget_type=\"spacer.default\">\n\t\t\t\t<div class=\"elementor-widget-container\">\n\t\t\t\t\t<div class=\"elementor-spacer\">\n\t\t\t<div class=\"elementor-spacer-inner\"><\/div>\n\t\t<\/div>\n\t\t\t\t<\/div>\n\t\t\t\t<\/div>\n\t\t\t\t\t<\/div>\n\t\t<\/div>\n\t\t\t\t\t\t\t<\/div>\n\t\t<\/section>\n\t\t\t\t\t\t\t<\/div>\n\t\t","protected":false},"excerpt":{"rendered":"<p>La plataforma de rastreo GPS y seguridad marca blanca m\u00e1s completa La plataforma de rastreo de mayor crecimiento MonitorGPS es una plataforma nacida en la nube que cumple con todos los requisitos de seguridad y estabilidad que aseguran un acuerdo de nivel de servicio de m\u00e1s de 99.9%, desarrollada a [&hellip;]<\/p>\n","protected":false},"author":1,"featured_media":0,"parent":0,"menu_order":0,"comment_status":"closed","ping_status":"closed","template":"elementor_header_footer","meta":{"footnotes":""},"class_list":["post-3230","page","type-page","status-publish","hentry"],"_links":{"self":[{"href":"https:\/\/monitorgps.es\/site\/wp-json\/wp\/v2\/pages\/3230","targetHints":{"allow":["GET"]}}],"collection":[{"href":"https:\/\/monitorgps.es\/site\/wp-json\/wp\/v2\/pages"}],"about":[{"href":"https:\/\/monitorgps.es\/site\/wp-json\/wp\/v2\/types\/page"}],"author":[{"embeddable":true,"href":"https:\/\/monitorgps.es\/site\/wp-json\/wp\/v2\/users\/1"}],"replies":[{"embeddable":true,"href":"https:\/\/monitorgps.es\/site\/wp-json\/wp\/v2\/comments?post=3230"}],"version-history":[{"count":28,"href":"https:\/\/monitorgps.es\/site\/wp-json\/wp\/v2\/pages\/3230\/revisions"}],"predecessor-version":[{"id":3330,"href":"https:\/\/monitorgps.es\/site\/wp-json\/wp\/v2\/pages\/3230\/revisions\/3330"}],"wp:attachment":[{"href":"https:\/\/monitorgps.es\/site\/wp-json\/wp\/v2\/media?parent=3230"}],"curies":[{"name":"wp","href":"https:\/\/api.w.org\/{rel}","templated":true}]}}