{"id":3558,"date":"2022-02-06T06:09:28","date_gmt":"2022-02-06T05:09:28","guid":{"rendered":"https:\/\/monitorgps.es\/site\/?post_type=product&#038;p=3558"},"modified":"2022-02-06T19:35:12","modified_gmt":"2022-02-06T18:35:12","slug":"cj720-seguimiento-de-rele-de-coche","status":"publish","type":"product","link":"https:\/\/monitorgps.es\/site\/producto\/cj720-seguimiento-de-rele-de-coche\/","title":{"rendered":"CJ720 Seguimiento de rel\u00e9 de coche"},"content":{"rendered":"","protected":false},"excerpt":{"rendered":"<p><span>Este dispositivo se puede utilizar en pa\u00edses que admitan la banda de red GSM y este dispositivo no se puede utilizar en pa\u00edses que no admitan la banda de red GSM.<\/span><\/p>\n<h1>\n<strong><span class=\"\">Descripci\u00f3n general:<\/span><\/strong><\/h1>\n<p><span><span class=\"\">\u00a1Este producto CJ720 es el rastreador GPS para autom\u00f3viles de rel\u00e9 de \u00faltimo dise\u00f1o que est\u00e1 dise\u00f1ado especialmente para veh\u00edculos, como autom\u00f3viles, motocicletas, motocicletas y camiones!\u00a0<\/span>Posee amplio voltaje de operaci\u00f3n 10-40V DC, compatible con la mayor\u00eda de veh\u00edculos del mercado!<\/span><\/p>\n<p><span>Adem\u00e1s, adopta la tecnolog\u00eda m\u00e1s avanzada de posicionamiento GPS y LBS Triple, puede ubicar muy r\u00e1pido y enviarle informaci\u00f3n de posici\u00f3n muy precisa. \u00a1En el modo de localizaci\u00f3n GPS, la precisi\u00f3n puede ser inferior a 10 metros!<\/span><\/p>\n","protected":false},"featured_media":3559,"template":"","meta":[],"product_cat":[41],"product_tag":[],"class_list":["post-3558","product","type-product","status-publish","has-post-thumbnail","hentry","product_cat-gps"],"_links":{"self":[{"href":"https:\/\/monitorgps.es\/site\/wp-json\/wp\/v2\/product\/3558","targetHints":{"allow":["GET"]}}],"collection":[{"href":"https:\/\/monitorgps.es\/site\/wp-json\/wp\/v2\/product"}],"about":[{"href":"https:\/\/monitorgps.es\/site\/wp-json\/wp\/v2\/types\/product"}],"wp:featuredmedia":[{"embeddable":true,"href":"https:\/\/monitorgps.es\/site\/wp-json\/wp\/v2\/media\/3559"}],"wp:attachment":[{"href":"https:\/\/monitorgps.es\/site\/wp-json\/wp\/v2\/media?parent=3558"}],"wp:term":[{"taxonomy":"product_cat","embeddable":true,"href":"https:\/\/monitorgps.es\/site\/wp-json\/wp\/v2\/product_cat?post=3558"},{"taxonomy":"product_tag","embeddable":true,"href":"https:\/\/monitorgps.es\/site\/wp-json\/wp\/v2\/product_tag?post=3558"}],"curies":[{"name":"wp","href":"https:\/\/api.w.org\/{rel}","templated":true}]}}