{"id":3568,"date":"2022-02-06T16:03:10","date_gmt":"2022-02-06T15:03:10","guid":{"rendered":"https:\/\/monitorgps.es\/site\/?post_type=product&#038;p=3568"},"modified":"2022-02-06T19:34:25","modified_gmt":"2022-02-06T18:34:25","slug":"gps-fm1120","status":"publish","type":"product","link":"https:\/\/monitorgps.es\/site\/producto\/gps-fm1120\/","title":{"rendered":"GPS FM1120"},"content":{"rendered":"","protected":false},"excerpt":{"rendered":"<p>FM1120 es un terminal de seguimiento ligero en tiempo real con conectividad GPS \/ GLONASS y GSM, que puede recopilar coordenadas del dispositivo y otros datos \u00fatiles y transferirlos a trav\u00e9s de la red GSM al servidor. Este dispositivo es perfectamente adecuado para aplicaciones donde se necesita la adquisici\u00f3n de la ubicaci\u00f3n de objetos remotos: gesti\u00f3n de flotas, empresas de alquiler de autom\u00f3viles, empresas de taxis, transporte p\u00fablico, empresas de log\u00edstica, veh\u00edculos personales, etc.<\/p>\n<p>&nbsp;<\/p>\n<ul>\n<li>Seguimiento y localizaci\u00f3n<\/li>\n<li>Asistencia en carretera<\/li>\n<li>Log\u00edstica internacional<\/li>\n<li>Seguimiento personal de veh\u00edculos y furgonetas<\/li>\n<li>Gesti\u00f3n de flotas<\/li>\n<\/ul>\n","protected":false},"featured_media":3569,"template":"","meta":[],"product_cat":[41],"product_tag":[],"class_list":["post-3568","product","type-product","status-publish","has-post-thumbnail","hentry","product_cat-gps"],"_links":{"self":[{"href":"https:\/\/monitorgps.es\/site\/wp-json\/wp\/v2\/product\/3568","targetHints":{"allow":["GET"]}}],"collection":[{"href":"https:\/\/monitorgps.es\/site\/wp-json\/wp\/v2\/product"}],"about":[{"href":"https:\/\/monitorgps.es\/site\/wp-json\/wp\/v2\/types\/product"}],"wp:featuredmedia":[{"embeddable":true,"href":"https:\/\/monitorgps.es\/site\/wp-json\/wp\/v2\/media\/3569"}],"wp:attachment":[{"href":"https:\/\/monitorgps.es\/site\/wp-json\/wp\/v2\/media?parent=3568"}],"wp:term":[{"taxonomy":"product_cat","embeddable":true,"href":"https:\/\/monitorgps.es\/site\/wp-json\/wp\/v2\/product_cat?post=3568"},{"taxonomy":"product_tag","embeddable":true,"href":"https:\/\/monitorgps.es\/site\/wp-json\/wp\/v2\/product_tag?post=3568"}],"curies":[{"name":"wp","href":"https:\/\/api.w.org\/{rel}","templated":true}]}}