{"id":3570,"date":"2022-02-06T16:05:47","date_gmt":"2022-02-06T15:05:47","guid":{"rendered":"https:\/\/monitorgps.es\/site\/?post_type=product&#038;p=3570"},"modified":"2022-02-06T19:34:14","modified_gmt":"2022-02-06T18:34:14","slug":"gps-fmb920-2g-bluetooth","status":"publish","type":"product","link":"https:\/\/monitorgps.es\/site\/producto\/gps-fmb920-2g-bluetooth\/","title":{"rendered":"GPS FMB920 &#8211; 2G Bluetooth"},"content":{"rendered":"","protected":false},"excerpt":{"rendered":"<p>Teltonika FMB920 es un rastreador compacto e inteligente con conectividad Bluetooth, antenas internas GNSS de alta ganancia y GSM y bater\u00eda de respaldo integrada. FMB920 est\u00e1 dise\u00f1ado para el seguimiento de veh\u00edculos ligeros en aplicaciones como telem\u00e1tica de seguros, alquiler de autom\u00f3viles, recuperaci\u00f3n de autom\u00f3viles robados, servicios de seguridad p\u00fablica, transporte de entrega, taxi y mucho m\u00e1s. Las entradas \/ salidas ampl\u00edan los escenarios de uso del dispositivo. La entrada digital se puede usar para el monitoreo del estado del bot\u00f3n de encendido, puerta o alarma. La inmovilizaci\u00f3n remota del veh\u00edculo se puede lograr utilizando la salida digital FMB920.<\/p>\n<div id=\"scheme-area\"><\/div>\n<p>&nbsp;<\/p>\n<ul>\n<li>Seguimiento y localizaci\u00f3n<\/li>\n<li>Asistencia en carretera<\/li>\n<li>Log\u00edstica internacional<\/li>\n<li>Seguimiento personal de veh\u00edculos y furgonetas<\/li>\n<li>Gesti\u00f3n de flotas<\/li>\n<\/ul>\n","protected":false},"featured_media":3572,"template":"","meta":[],"product_cat":[41],"product_tag":[],"class_list":["post-3570","product","type-product","status-publish","has-post-thumbnail","hentry","product_cat-gps"],"_links":{"self":[{"href":"https:\/\/monitorgps.es\/site\/wp-json\/wp\/v2\/product\/3570","targetHints":{"allow":["GET"]}}],"collection":[{"href":"https:\/\/monitorgps.es\/site\/wp-json\/wp\/v2\/product"}],"about":[{"href":"https:\/\/monitorgps.es\/site\/wp-json\/wp\/v2\/types\/product"}],"wp:featuredmedia":[{"embeddable":true,"href":"https:\/\/monitorgps.es\/site\/wp-json\/wp\/v2\/media\/3572"}],"wp:attachment":[{"href":"https:\/\/monitorgps.es\/site\/wp-json\/wp\/v2\/media?parent=3570"}],"wp:term":[{"taxonomy":"product_cat","embeddable":true,"href":"https:\/\/monitorgps.es\/site\/wp-json\/wp\/v2\/product_cat?post=3570"},{"taxonomy":"product_tag","embeddable":true,"href":"https:\/\/monitorgps.es\/site\/wp-json\/wp\/v2\/product_tag?post=3570"}],"curies":[{"name":"wp","href":"https:\/\/api.w.org\/{rel}","templated":true}]}}